{"id":156,"date":"2015-04-20T09:50:42","date_gmt":"2015-04-20T08:50:42","guid":{"rendered":"https:\/\/www.mai2025.meosis.fr\/crazy-cook\/?page_id=156"},"modified":"2021-11-24T13:09:33","modified_gmt":"2021-11-24T12:09:33","slug":"le-concept","status":"publish","type":"page","link":"https:\/\/mai2025.meosis.fr\/crazy-cook\/concept\/le-concept.html","title":{"rendered":"Le concept de votre traiteur en Alsace"},"content":{"rendered":"<p>D\u00e9couvrez le concept de votre <a title=\"Traiteur en Alsace\" href=\"https:\/\/mai2025.meosis.fr\/crazy-cook\/articles\/traiteur-alsace\/\">traiteur en Alsace<\/a>.<\/p>\n<ul>\n<li><strong>OSER<\/strong> : les r\u00e9f\u00e9rences professionnelles aupr\u00e8s de nombreux grands chefs \u00e9toil\u00e9s ainsi que de multiples voyages internationaux des Chefs, Philippe et Sophie, vous feront d\u00e9couvrir ou red\u00e9couvrir avec audace et cr\u00e9ativit\u00e9 la cuisine Fran\u00e7aise ainsi qu\u2019une cuisine Fusion inspir\u00e9e de techniques culinaires asiatiques, m\u00e9diterran\u00e9ennes ou orientales.<\/li>\n<li><strong>ELABORER<\/strong> les plats sur le lieux de la prestation, \u00e0 votre convenance (cuisine chaude, froide, montage sur place ou dans nos locaux).<\/li>\n<li><strong>PROPOSER<\/strong> de la cuisine \u00abmaison\u00bb.<\/li>\n<li><strong>COMPRENDRE<\/strong> : chaque prestation est unique et r\u00e9alis\u00e9e sur mesure. Votre interlocuteur sera toujours un chef de cuisine et non un service commercial.<\/li>\n<li><strong>ETONNER<\/strong> : Ma\u00eetres incontest\u00e9s de l\u2019Art de la cuisine au feu de bois, Crazy Cook Catering saura vous proposer viandes \u00e0 la broche, grill party g\u00e9antes ou menus gastronomiques enti\u00e8rement pr\u00e9par\u00e9s en <strong>SHOW COOKING<\/strong> : un moment \u00e0 la fois chic et convivial qui permet d\u2019associer toutes les saveurs \u00e0 la chaleur du feu de bois.<\/li>\n<li><strong>ACCOMPAGNER<\/strong> : un des Chefs sera pr\u00e9sent le jour \u00ab J \u00bb du d\u00e9but \u00e0 la fin de l\u2019\u00e9v\u00e8nement.<\/li>\n<li><strong>RESPECTER<\/strong> les saisons et les produits : tr\u00e8s attach\u00e9s \u00e0 la qualit\u00e9 et \u00e0 la fra\u00eecheur des produits, les chefs mettent \u00e0 l\u2019honneur les petits producteurs r\u00e9gionaux et travaillent exclusivement fruits et l\u00e9gumes frais de saison, poissons et viandes fum\u00e9s de mani\u00e8re artisanale.<\/li>\n<li><strong>REFUSER<\/strong> la production de type \u00ab\u00a0industrielle\u00a0\u00bb simplement remise en temp\u00e9rature.<\/li>\n<li><strong>ACCEPTER<\/strong> les d\u00e9fis.<\/li>\n<\/ul>\n","protected":false},"excerpt":{"rendered":"<p>D\u00e9couvrez le concept de votre traiteur en Alsace. OSER : les r\u00e9f\u00e9rences professionnelles aupr\u00e8s de nombreux grands chefs \u00e9toil\u00e9s ainsi que de multiples voyages internationaux des Chefs, Philippe et Sophie, vous feront d\u00e9couvrir ou red\u00e9couvrir avec audace et cr\u00e9ativit\u00e9 la cuisine Fran\u00e7aise ainsi qu\u2019une cuisine Fusion inspir\u00e9e de techniques culinaires asiatiques, m\u00e9diterran\u00e9ennes ou orientales. ELABORER [&hellip;]<\/p>\n","protected":false},"author":1,"featured_media":304,"parent":697,"menu_order":0,"comment_status":"open","ping_status":"open","template":"","meta":{"_acf_changed":false,"footnotes":""},"class_list":["post-156","page","type-page","status-publish","has-post-thumbnail","hentry"],"acf":[],"yoast_head":"<!-- This site is optimized with the Yoast SEO plugin v25.3.1 - https:\/\/yoast.com\/wordpress\/plugins\/seo\/ -->\n<title>Le Concept du Traiteur en Alsace \u203a Crazy Cook Catering<\/title>\n<meta name=\"description\" content=\"Car chaque \u00e9v\u00e9nement est unique les prestations de ce traiteur en Alsace le sont \u00e9galement. Un concept innovant pour vous satisfaire.\" \/>\n<meta name=\"robots\" content=\"index, follow, max-snippet:-1, max-image-preview:large, max-video-preview:-1\" \/>\n<link rel=\"canonical\" href=\"https:\/\/mai2025.meosis.fr\/crazy-cook\/concept\/le-concept.html\" \/>\n<meta property=\"og:locale\" content=\"fr_FR\" \/>\n<meta property=\"og:type\" content=\"article\" \/>\n<meta property=\"og:title\" content=\"Le Concept du Traiteur en Alsace \u203a Crazy Cook Catering\" \/>\n<meta property=\"og:description\" content=\"Car chaque \u00e9v\u00e9nement est unique les prestations de ce traiteur en Alsace le sont \u00e9galement. Un concept innovant pour vous satisfaire.\" \/>\n<meta property=\"og:url\" content=\"https:\/\/mai2025.meosis.fr\/crazy-cook\/concept\/le-concept.html\" \/>\n<meta property=\"og:site_name\" content=\"Crazy Cook Catering\" \/>\n<meta property=\"article:modified_time\" content=\"2021-11-24T12:09:33+00:00\" \/>\n<meta property=\"og:image\" content=\"https:\/\/mai2025.meosis.fr\/crazy-cook\/wp-content\/uploads\/sites\/10\/2014\/01\/DSC_0234-e1392311629335.jpg\" \/>\n\t<meta property=\"og:image:width\" content=\"1039\" \/>\n\t<meta property=\"og:image:height\" content=\"629\" \/>\n\t<meta property=\"og:image:type\" content=\"image\/jpeg\" \/>\n<meta name=\"twitter:card\" content=\"summary_large_image\" \/>\n<meta name=\"twitter:label1\" content=\"Dur\u00e9e de lecture estim\u00e9e\" \/>\n\t<meta name=\"twitter:data1\" content=\"1 minute\" \/>\n<script type=\"application\/ld+json\" class=\"yoast-schema-graph\">{\"@context\":\"https:\/\/schema.org\",\"@graph\":[{\"@type\":\"WebPage\",\"@id\":\"https:\/\/mai2025.meosis.fr\/crazy-cook\/concept\/le-concept.html\",\"url\":\"https:\/\/mai2025.meosis.fr\/crazy-cook\/concept\/le-concept.html\",\"name\":\"Le Concept du Traiteur en Alsace \u203a Crazy Cook Catering\",\"isPartOf\":{\"@id\":\"https:\/\/mai2025.meosis.fr\/crazy-cook\/wpss_slide\/slide8\/#website\"},\"primaryImageOfPage\":{\"@id\":\"https:\/\/mai2025.meosis.fr\/crazy-cook\/concept\/le-concept.html#primaryimage\"},\"image\":{\"@id\":\"https:\/\/mai2025.meosis.fr\/crazy-cook\/concept\/le-concept.html#primaryimage\"},\"thumbnailUrl\":\"https:\/\/mai2025.meosis.fr\/crazy-cook\/wp-content\/uploads\/sites\/10\/2014\/01\/DSC_0234-e1392311629335.jpg\",\"datePublished\":\"2015-04-20T08:50:42+00:00\",\"dateModified\":\"2021-11-24T12:09:33+00:00\",\"description\":\"Car chaque \u00e9v\u00e9nement est unique les prestations de ce traiteur en Alsace le sont \u00e9galement. Un concept innovant pour vous satisfaire.\",\"breadcrumb\":{\"@id\":\"https:\/\/mai2025.meosis.fr\/crazy-cook\/concept\/le-concept.html#breadcrumb\"},\"inLanguage\":\"fr-FR\",\"potentialAction\":[{\"@type\":\"ReadAction\",\"target\":[\"https:\/\/mai2025.meosis.fr\/crazy-cook\/concept\/le-concept.html\"]}]},{\"@type\":\"ImageObject\",\"inLanguage\":\"fr-FR\",\"@id\":\"https:\/\/mai2025.meosis.fr\/crazy-cook\/concept\/le-concept.html#primaryimage\",\"url\":\"https:\/\/mai2025.meosis.fr\/crazy-cook\/wp-content\/uploads\/sites\/10\/2014\/01\/DSC_0234-e1392311629335.jpg\",\"contentUrl\":\"https:\/\/mai2025.meosis.fr\/crazy-cook\/wp-content\/uploads\/sites\/10\/2014\/01\/DSC_0234-e1392311629335.jpg\",\"width\":1039,\"height\":629,\"caption\":\"Mise en Place - Ph\u00f4 Po\"},{\"@type\":\"BreadcrumbList\",\"@id\":\"https:\/\/mai2025.meosis.fr\/crazy-cook\/concept\/le-concept.html#breadcrumb\",\"itemListElement\":[{\"@type\":\"ListItem\",\"position\":1,\"name\":\"Accueil\",\"item\":\"https:\/\/mai2025.meosis.fr\/crazy-cook\/\"},{\"@type\":\"ListItem\",\"position\":2,\"name\":\"Concept\",\"item\":\"https:\/\/mai2025.meosis.fr\/crazy-cook\/concept.html\"},{\"@type\":\"ListItem\",\"position\":3,\"name\":\"Le concept de votre traiteur en Alsace\"}]},{\"@type\":\"WebSite\",\"@id\":\"https:\/\/mai2025.meosis.fr\/crazy-cook\/wpss_slide\/slide8\/#website\",\"url\":\"https:\/\/mai2025.meosis.fr\/crazy-cook\/wpss_slide\/slide8\/\",\"name\":\"Crazy Cook Catering\",\"description\":\"Traiteur en Alsace\",\"potentialAction\":[{\"@type\":\"SearchAction\",\"target\":{\"@type\":\"EntryPoint\",\"urlTemplate\":\"https:\/\/mai2025.meosis.fr\/crazy-cook\/wpss_slide\/slide8\/?s={search_term_string}\"},\"query-input\":{\"@type\":\"PropertyValueSpecification\",\"valueRequired\":true,\"valueName\":\"search_term_string\"}}],\"inLanguage\":\"fr-FR\"}]}<\/script>\n<!-- \/ Yoast SEO plugin. -->","yoast_head_json":{"title":"Le Concept du Traiteur en Alsace \u203a Crazy Cook Catering","description":"Car chaque \u00e9v\u00e9nement est unique les prestations de ce traiteur en Alsace le sont \u00e9galement. Un concept innovant pour vous satisfaire.","robots":{"index":"index","follow":"follow","max-snippet":"max-snippet:-1","max-image-preview":"max-image-preview:large","max-video-preview":"max-video-preview:-1"},"canonical":"https:\/\/mai2025.meosis.fr\/crazy-cook\/concept\/le-concept.html","og_locale":"fr_FR","og_type":"article","og_title":"Le Concept du Traiteur en Alsace \u203a Crazy Cook Catering","og_description":"Car chaque \u00e9v\u00e9nement est unique les prestations de ce traiteur en Alsace le sont \u00e9galement. Un concept innovant pour vous satisfaire.","og_url":"https:\/\/mai2025.meosis.fr\/crazy-cook\/concept\/le-concept.html","og_site_name":"Crazy Cook Catering","article_modified_time":"2021-11-24T12:09:33+00:00","og_image":[{"width":1039,"height":629,"url":"https:\/\/mai2025.meosis.fr\/crazy-cook\/wp-content\/uploads\/sites\/10\/2014\/01\/DSC_0234-e1392311629335.jpg","type":"image\/jpeg"}],"twitter_card":"summary_large_image","twitter_misc":{"Dur\u00e9e de lecture estim\u00e9e":"1 minute"},"schema":{"@context":"https:\/\/schema.org","@graph":[{"@type":"WebPage","@id":"https:\/\/mai2025.meosis.fr\/crazy-cook\/concept\/le-concept.html","url":"https:\/\/mai2025.meosis.fr\/crazy-cook\/concept\/le-concept.html","name":"Le Concept du Traiteur en Alsace \u203a Crazy Cook Catering","isPartOf":{"@id":"https:\/\/mai2025.meosis.fr\/crazy-cook\/wpss_slide\/slide8\/#website"},"primaryImageOfPage":{"@id":"https:\/\/mai2025.meosis.fr\/crazy-cook\/concept\/le-concept.html#primaryimage"},"image":{"@id":"https:\/\/mai2025.meosis.fr\/crazy-cook\/concept\/le-concept.html#primaryimage"},"thumbnailUrl":"https:\/\/mai2025.meosis.fr\/crazy-cook\/wp-content\/uploads\/sites\/10\/2014\/01\/DSC_0234-e1392311629335.jpg","datePublished":"2015-04-20T08:50:42+00:00","dateModified":"2021-11-24T12:09:33+00:00","description":"Car chaque \u00e9v\u00e9nement est unique les prestations de ce traiteur en Alsace le sont \u00e9galement. Un concept innovant pour vous satisfaire.","breadcrumb":{"@id":"https:\/\/mai2025.meosis.fr\/crazy-cook\/concept\/le-concept.html#breadcrumb"},"inLanguage":"fr-FR","potentialAction":[{"@type":"ReadAction","target":["https:\/\/mai2025.meosis.fr\/crazy-cook\/concept\/le-concept.html"]}]},{"@type":"ImageObject","inLanguage":"fr-FR","@id":"https:\/\/mai2025.meosis.fr\/crazy-cook\/concept\/le-concept.html#primaryimage","url":"https:\/\/mai2025.meosis.fr\/crazy-cook\/wp-content\/uploads\/sites\/10\/2014\/01\/DSC_0234-e1392311629335.jpg","contentUrl":"https:\/\/mai2025.meosis.fr\/crazy-cook\/wp-content\/uploads\/sites\/10\/2014\/01\/DSC_0234-e1392311629335.jpg","width":1039,"height":629,"caption":"Mise en Place - Ph\u00f4 Po"},{"@type":"BreadcrumbList","@id":"https:\/\/mai2025.meosis.fr\/crazy-cook\/concept\/le-concept.html#breadcrumb","itemListElement":[{"@type":"ListItem","position":1,"name":"Accueil","item":"https:\/\/mai2025.meosis.fr\/crazy-cook\/"},{"@type":"ListItem","position":2,"name":"Concept","item":"https:\/\/mai2025.meosis.fr\/crazy-cook\/concept.html"},{"@type":"ListItem","position":3,"name":"Le concept de votre traiteur en Alsace"}]},{"@type":"WebSite","@id":"https:\/\/mai2025.meosis.fr\/crazy-cook\/wpss_slide\/slide8\/#website","url":"https:\/\/mai2025.meosis.fr\/crazy-cook\/wpss_slide\/slide8\/","name":"Crazy Cook Catering","description":"Traiteur en Alsace","potentialAction":[{"@type":"SearchAction","target":{"@type":"EntryPoint","urlTemplate":"https:\/\/mai2025.meosis.fr\/crazy-cook\/wpss_slide\/slide8\/?s={search_term_string}"},"query-input":{"@type":"PropertyValueSpecification","valueRequired":true,"valueName":"search_term_string"}}],"inLanguage":"fr-FR"}]}},"_links":{"self":[{"href":"https:\/\/mai2025.meosis.fr\/crazy-cook\/wp-json\/wp\/v2\/pages\/156","targetHints":{"allow":["GET"]}}],"collection":[{"href":"https:\/\/mai2025.meosis.fr\/crazy-cook\/wp-json\/wp\/v2\/pages"}],"about":[{"href":"https:\/\/mai2025.meosis.fr\/crazy-cook\/wp-json\/wp\/v2\/types\/page"}],"author":[{"embeddable":true,"href":"https:\/\/mai2025.meosis.fr\/crazy-cook\/wp-json\/wp\/v2\/users\/1"}],"replies":[{"embeddable":true,"href":"https:\/\/mai2025.meosis.fr\/crazy-cook\/wp-json\/wp\/v2\/comments?post=156"}],"version-history":[{"count":0,"href":"https:\/\/mai2025.meosis.fr\/crazy-cook\/wp-json\/wp\/v2\/pages\/156\/revisions"}],"up":[{"embeddable":true,"href":"https:\/\/mai2025.meosis.fr\/crazy-cook\/wp-json\/wp\/v2\/pages\/697"}],"wp:featuredmedia":[{"embeddable":true,"href":"https:\/\/mai2025.meosis.fr\/crazy-cook\/wp-json\/wp\/v2\/media\/304"}],"wp:attachment":[{"href":"https:\/\/mai2025.meosis.fr\/crazy-cook\/wp-json\/wp\/v2\/media?parent=156"}],"curies":[{"name":"wp","href":"https:\/\/api.w.org\/{rel}","templated":true}]}}