{"id":1834,"date":"2021-12-06T14:49:56","date_gmt":"2021-12-06T13:49:56","guid":{"rendered":"https:\/\/mai2025.meosis.fr\/crazy-cook\/?page_id=1834"},"modified":"2021-12-10T16:10:32","modified_gmt":"2021-12-10T15:10:32","slug":"suggestions","status":"publish","type":"page","link":"https:\/\/mai2025.meosis.fr\/crazy-cook\/suggestions.html","title":{"rendered":"Suggestions"},"content":{"rendered":"\t\t<div data-elementor-type=\"wp-page\" data-elementor-id=\"1834\" class=\"elementor elementor-1834\" data-elementor-post-type=\"page\">\n\t\t\t\t\t\t<section class=\"ob-is-breaking-bad elementor-section elementor-top-section elementor-element elementor-element-8bdcd62 elementor-section-boxed elementor-section-height-default elementor-section-height-default\" data-id=\"8bdcd62\" data-element_type=\"section\" data-settings=\"{&quot;_ob_bbad_use_it&quot;:&quot;yes&quot;,&quot;_ob_bbad_sssic_use&quot;:&quot;no&quot;,&quot;_ob_glider_is_slider&quot;:&quot;no&quot;}\">\n\t\t\t\t\t\t<div class=\"elementor-container elementor-column-gap-default\">\n\t\t\t\t\t<div class=\"elementor-column elementor-col-100 elementor-top-column elementor-element elementor-element-76801a8\" data-id=\"76801a8\" data-element_type=\"column\" data-settings=\"{&quot;_ob_bbad_is_stalker&quot;:&quot;no&quot;,&quot;_ob_teleporter_use&quot;:false,&quot;_ob_column_hoveranimator&quot;:&quot;no&quot;,&quot;_ob_column_has_pseudo&quot;:&quot;no&quot;}\">\n\t\t\t<div class=\"elementor-widget-wrap elementor-element-populated\">\n\t\t\t\t\t\t<div class=\"elementor-element elementor-element-09c02e4 elementor-posts--thumbnail-none elementor-grid-3 elementor-grid-tablet-2 elementor-grid-mobile-1 elementor-card-shadow-yes elementor-posts__hover-gradient ob-has-background-overlay elementor-widget elementor-widget-posts\" data-id=\"09c02e4\" data-element_type=\"widget\" data-settings=\"{&quot;cards_columns&quot;:&quot;3&quot;,&quot;cards_columns_tablet&quot;:&quot;2&quot;,&quot;cards_columns_mobile&quot;:&quot;1&quot;,&quot;cards_row_gap&quot;:{&quot;unit&quot;:&quot;px&quot;,&quot;size&quot;:35,&quot;sizes&quot;:[]},&quot;cards_row_gap_tablet&quot;:{&quot;unit&quot;:&quot;px&quot;,&quot;size&quot;:&quot;&quot;,&quot;sizes&quot;:[]},&quot;cards_row_gap_mobile&quot;:{&quot;unit&quot;:&quot;px&quot;,&quot;size&quot;:&quot;&quot;,&quot;sizes&quot;:[]},&quot;_ob_perspektive_use&quot;:&quot;no&quot;,&quot;_ob_poopart_use&quot;:&quot;yes&quot;,&quot;_ob_shadough_use&quot;:&quot;no&quot;,&quot;_ob_allow_hoveranimator&quot;:&quot;no&quot;,&quot;_ob_widget_stalker_use&quot;:&quot;no&quot;}\" data-widget_type=\"posts.cards\">\n\t\t\t\t<div class=\"elementor-widget-container\">\n\t\t\t\t\t\t\t<div class=\"elementor-posts-container elementor-posts elementor-posts--skin-cards elementor-grid\">\n\t\t\t\t<article class=\"elementor-post elementor-grid-item post-2007 post type-post status-publish format-standard has-post-thumbnail hentry category-page-suggestions category-actualites\">\n\t\t\t<div class=\"elementor-post__card\">\n\t\t\t\t<div class=\"elementor-post__text\">\n\t\t\t\t<h3 class=\"elementor-post__title\">\n\t\t\t<a href=\"https:\/\/mai2025.meosis.fr\/crazy-cook\/carte-noel-nouvel-an-2024\/\" >\n\t\t\t\tCARTE NOEL NOUVEL AN 2024\t\t\t<\/a>\n\t\t<\/h3>\n\t\t\t\t<div class=\"elementor-post__excerpt\">\n\t\t\t<p>Dans le respect des produits, de la saisonnalit\u00e9s, en circuits court et \u00ab\u00a0Fait Maison\u00a0\u00bb N&rsquo;oubliez pas de venir nous rendre visite aux portes ouvertes de<\/p>\n\t\t<\/div>\n\t\t\n\t\t<a class=\"elementor-post__read-more\" href=\"https:\/\/mai2025.meosis.fr\/crazy-cook\/carte-noel-nouvel-an-2024\/\" aria-label=\"En savoir plus sur CARTE NOEL NOUVEL AN 2024\" tabindex=\"-1\" >\n\t\t\tLire plus \u00bb\t\t<\/a>\n\n\t\t\t\t<\/div>\n\t\t\t\t\t<\/div>\n\t\t<\/article>\n\t\t\t\t<article class=\"elementor-post elementor-grid-item post-2000 post type-post status-publish format-standard has-post-thumbnail hentry category-page-suggestions category-actualites\">\n\t\t\t<div class=\"elementor-post__card\">\n\t\t\t\t<div class=\"elementor-post__text\">\n\t\t\t\t<h3 class=\"elementor-post__title\">\n\t\t\t<a href=\"https:\/\/mai2025.meosis.fr\/crazy-cook\/carte-menus-paques-2024\/\" >\n\t\t\t\tCARTE MENUS PAQUES 2024\t\t\t<\/a>\n\t\t<\/h3>\n\t\t\t\t<div class=\"elementor-post__excerpt\">\n\t\t\t<p>Comme tous les ans, les Chefs vous proposent de cuisiner \u00e0 votre place ! Des menus con\u00e7us sp\u00e9cialement pour que vous puissiez pleinement profiter de<\/p>\n\t\t<\/div>\n\t\t\n\t\t<a class=\"elementor-post__read-more\" href=\"https:\/\/mai2025.meosis.fr\/crazy-cook\/carte-menus-paques-2024\/\" aria-label=\"En savoir plus sur CARTE MENUS PAQUES 2024\" tabindex=\"-1\" >\n\t\t\tLire plus \u00bb\t\t<\/a>\n\n\t\t\t\t<\/div>\n\t\t\t\t\t<\/div>\n\t\t<\/article>\n\t\t\t\t<article class=\"elementor-post elementor-grid-item post-1967 post type-post status-publish format-standard has-post-thumbnail hentry category-page-suggestions category-actualites\">\n\t\t\t<div class=\"elementor-post__card\">\n\t\t\t\t<div class=\"elementor-post__text\">\n\t\t\t\t<h3 class=\"elementor-post__title\">\n\t\t\t<a href=\"https:\/\/mai2025.meosis.fr\/crazy-cook\/carte-noel-nouvel-an-2023\/\" >\n\t\t\t\tCARTE NOEL\/NOUVEL AN 2023\t\t\t<\/a>\n\t\t<\/h3>\n\t\t\t\t<div class=\"elementor-post__excerpt\">\n\t\t\t<p>Gourmandises, Innovations et Traditions. Les Chefs vous proposent pour cette fin d&rsquo;ann\u00e9e 2023, des recettes traditionnelles ou surprenantes, innovantes mais gardant une certaine tradition. Dans<\/p>\n\t\t<\/div>\n\t\t\n\t\t<a class=\"elementor-post__read-more\" href=\"https:\/\/mai2025.meosis.fr\/crazy-cook\/carte-noel-nouvel-an-2023\/\" aria-label=\"En savoir plus sur CARTE NOEL\/NOUVEL AN 2023\" tabindex=\"-1\" >\n\t\t\tLire plus \u00bb\t\t<\/a>\n\n\t\t\t\t<\/div>\n\t\t\t\t\t<\/div>\n\t\t<\/article>\n\t\t\t\t<article class=\"elementor-post elementor-grid-item post-1920 post type-post status-publish format-standard has-post-thumbnail hentry category-actualites\">\n\t\t\t<div class=\"elementor-post__card\">\n\t\t\t\t<div class=\"elementor-post__text\">\n\t\t\t\t<h3 class=\"elementor-post__title\">\n\t\t\t<a href=\"https:\/\/mai2025.meosis.fr\/crazy-cook\/fqc-food-truck-services-by-crazy-cook\/\" >\n\t\t\t\tFQC &#8211; FOOD TRUCK SERVICES by Crazy Cook\t\t\t<\/a>\n\t\t<\/h3>\n\t\t\t\t<div class=\"elementor-post__excerpt\">\n\t\t\t<p>Nouveau depuis le 20 janvier 2023 ! Le FQC- Food Truck Services By Crazy Cook est officiellement ouvert tous les Vendredis soir, \u00e0 partir de<\/p>\n\t\t<\/div>\n\t\t\n\t\t<a class=\"elementor-post__read-more\" href=\"https:\/\/mai2025.meosis.fr\/crazy-cook\/fqc-food-truck-services-by-crazy-cook\/\" aria-label=\"En savoir plus sur FQC &#8211; FOOD TRUCK SERVICES by Crazy Cook\" tabindex=\"-1\" >\n\t\t\tLire plus \u00bb\t\t<\/a>\n\n\t\t\t\t<\/div>\n\t\t\t\t\t<\/div>\n\t\t<\/article>\n\t\t\t\t<article class=\"elementor-post elementor-grid-item post-1797 post type-post status-publish format-standard has-post-thumbnail hentry category-actualites\">\n\t\t\t<div class=\"elementor-post__card\">\n\t\t\t\t<div class=\"elementor-post__text\">\n\t\t\t\t<h3 class=\"elementor-post__title\">\n\t\t\t<a href=\"https:\/\/mai2025.meosis.fr\/crazy-cook\/portes-ouvertes\/\" >\n\t\t\t\tPORTES OUVERTES 2022\t\t\t<\/a>\n\t\t<\/h3>\n\t\t\t\t<div class=\"elementor-post__excerpt\">\n\t\t\t<p>&nbsp; Comme tous les ans, afin de vous remercier de votre fid\u00e9lit\u00e9, nous vous convions \u00e0 nos traditionnelles Portes Ouvertes de D\u00e9cembre Pour cette 9\u00e8me<\/p>\n\t\t<\/div>\n\t\t\n\t\t<a class=\"elementor-post__read-more\" href=\"https:\/\/mai2025.meosis.fr\/crazy-cook\/portes-ouvertes\/\" aria-label=\"En savoir plus sur PORTES OUVERTES 2022\" tabindex=\"-1\" >\n\t\t\tLire plus \u00bb\t\t<\/a>\n\n\t\t\t\t<\/div>\n\t\t\t\t\t<\/div>\n\t\t<\/article>\n\t\t\t\t<article class=\"elementor-post elementor-grid-item post-1213 post type-post status-publish format-standard has-post-thumbnail hentry category-actualites\">\n\t\t\t<div class=\"elementor-post__card\">\n\t\t\t\t<div class=\"elementor-post__text\">\n\t\t\t\t<h3 class=\"elementor-post__title\">\n\t\t\t<a href=\"https:\/\/mai2025.meosis.fr\/crazy-cook\/sanglier-a-la-broche\/\" >\n\t\t\t\tSANGLIER A LA BROCHE 9 MAI 2021\t\t\t<\/a>\n\t\t<\/h3>\n\t\t\t\t<div class=\"elementor-post__excerpt\">\n\t\t\t<p>SAVE THE DATE (4)!!! Dimanche 9 mai 2021 SANGLIER A LA BROCHE &#8211; \u00e0 emporter Cuisson au feu de de bois D\u00e9coupe \u00e0 la minute<\/p>\n\t\t<\/div>\n\t\t\n\t\t<a class=\"elementor-post__read-more\" href=\"https:\/\/mai2025.meosis.fr\/crazy-cook\/sanglier-a-la-broche\/\" aria-label=\"En savoir plus sur SANGLIER A LA BROCHE 9 MAI 2021\" tabindex=\"-1\" >\n\t\t\tLire plus \u00bb\t\t<\/a>\n\n\t\t\t\t<\/div>\n\t\t\t\t\t<\/div>\n\t\t<\/article>\n\t\t\t\t<\/div>\n\t\t\n\t\t\t\t\t\t<\/div>\n\t\t\t\t<\/div>\n\t\t\t\t<div class=\"elementor-element elementor-element-9032579 elementor-posts--thumbnail-none elementor-grid-3 elementor-grid-tablet-2 elementor-grid-mobile-1 elementor-card-shadow-yes elementor-posts__hover-gradient ob-has-background-overlay elementor-widget elementor-widget-posts\" data-id=\"9032579\" data-element_type=\"widget\" data-settings=\"{&quot;cards_columns&quot;:&quot;3&quot;,&quot;cards_columns_tablet&quot;:&quot;2&quot;,&quot;cards_columns_mobile&quot;:&quot;1&quot;,&quot;cards_row_gap&quot;:{&quot;unit&quot;:&quot;px&quot;,&quot;size&quot;:35,&quot;sizes&quot;:[]},&quot;cards_row_gap_tablet&quot;:{&quot;unit&quot;:&quot;px&quot;,&quot;size&quot;:&quot;&quot;,&quot;sizes&quot;:[]},&quot;cards_row_gap_mobile&quot;:{&quot;unit&quot;:&quot;px&quot;,&quot;size&quot;:&quot;&quot;,&quot;sizes&quot;:[]},&quot;_ob_perspektive_use&quot;:&quot;no&quot;,&quot;_ob_poopart_use&quot;:&quot;yes&quot;,&quot;_ob_shadough_use&quot;:&quot;no&quot;,&quot;_ob_allow_hoveranimator&quot;:&quot;no&quot;,&quot;_ob_widget_stalker_use&quot;:&quot;no&quot;}\" data-widget_type=\"posts.cards\">\n\t\t\t\t<div class=\"elementor-widget-container\">\n\t\t\t\t\t\t\t<div class=\"elementor-posts-container elementor-posts elementor-posts--skin-cards elementor-grid\">\n\t\t\t\t<article class=\"elementor-post elementor-grid-item post-2007 post type-post status-publish format-standard has-post-thumbnail hentry category-page-suggestions category-actualites\">\n\t\t\t<div class=\"elementor-post__card\">\n\t\t\t\t<div class=\"elementor-post__text\">\n\t\t\t\t<h3 class=\"elementor-post__title\">\n\t\t\t<a href=\"https:\/\/mai2025.meosis.fr\/crazy-cook\/carte-noel-nouvel-an-2024\/\" >\n\t\t\t\tCARTE NOEL NOUVEL AN 2024\t\t\t<\/a>\n\t\t<\/h3>\n\t\t\t\t<div class=\"elementor-post__excerpt\">\n\t\t\t<p>Dans le respect des produits, de la saisonnalit\u00e9s, en circuits court et \u00ab\u00a0Fait Maison\u00a0\u00bb N&rsquo;oubliez pas de venir nous rendre visite aux portes ouvertes de<\/p>\n\t\t<\/div>\n\t\t\n\t\t<a class=\"elementor-post__read-more\" href=\"https:\/\/mai2025.meosis.fr\/crazy-cook\/carte-noel-nouvel-an-2024\/\" aria-label=\"En savoir plus sur CARTE NOEL NOUVEL AN 2024\" tabindex=\"-1\" >\n\t\t\tLire plus \u00bb\t\t<\/a>\n\n\t\t\t\t<\/div>\n\t\t\t\t\t<\/div>\n\t\t<\/article>\n\t\t\t\t<article class=\"elementor-post elementor-grid-item post-2000 post type-post status-publish format-standard has-post-thumbnail hentry category-page-suggestions category-actualites\">\n\t\t\t<div class=\"elementor-post__card\">\n\t\t\t\t<div class=\"elementor-post__text\">\n\t\t\t\t<h3 class=\"elementor-post__title\">\n\t\t\t<a href=\"https:\/\/mai2025.meosis.fr\/crazy-cook\/carte-menus-paques-2024\/\" >\n\t\t\t\tCARTE MENUS PAQUES 2024\t\t\t<\/a>\n\t\t<\/h3>\n\t\t\t\t<div class=\"elementor-post__excerpt\">\n\t\t\t<p>Comme tous les ans, les Chefs vous proposent de cuisiner \u00e0 votre place ! Des menus con\u00e7us sp\u00e9cialement pour que vous puissiez pleinement profiter de<\/p>\n\t\t<\/div>\n\t\t\n\t\t<a class=\"elementor-post__read-more\" href=\"https:\/\/mai2025.meosis.fr\/crazy-cook\/carte-menus-paques-2024\/\" aria-label=\"En savoir plus sur CARTE MENUS PAQUES 2024\" tabindex=\"-1\" >\n\t\t\tLire plus \u00bb\t\t<\/a>\n\n\t\t\t\t<\/div>\n\t\t\t\t\t<\/div>\n\t\t<\/article>\n\t\t\t\t<article class=\"elementor-post elementor-grid-item post-1967 post type-post status-publish format-standard has-post-thumbnail hentry category-page-suggestions category-actualites\">\n\t\t\t<div class=\"elementor-post__card\">\n\t\t\t\t<div class=\"elementor-post__text\">\n\t\t\t\t<h3 class=\"elementor-post__title\">\n\t\t\t<a href=\"https:\/\/mai2025.meosis.fr\/crazy-cook\/carte-noel-nouvel-an-2023\/\" >\n\t\t\t\tCARTE NOEL\/NOUVEL AN 2023\t\t\t<\/a>\n\t\t<\/h3>\n\t\t\t\t<div class=\"elementor-post__excerpt\">\n\t\t\t<p>Gourmandises, Innovations et Traditions. Les Chefs vous proposent pour cette fin d&rsquo;ann\u00e9e 2023, des recettes traditionnelles ou surprenantes, innovantes mais gardant une certaine tradition. Dans<\/p>\n\t\t<\/div>\n\t\t\n\t\t<a class=\"elementor-post__read-more\" href=\"https:\/\/mai2025.meosis.fr\/crazy-cook\/carte-noel-nouvel-an-2023\/\" aria-label=\"En savoir plus sur CARTE NOEL\/NOUVEL AN 2023\" tabindex=\"-1\" >\n\t\t\tLire plus \u00bb\t\t<\/a>\n\n\t\t\t\t<\/div>\n\t\t\t\t\t<\/div>\n\t\t<\/article>\n\t\t\t\t<article class=\"elementor-post elementor-grid-item post-549 post type-post status-publish format-standard has-post-thumbnail hentry category-page-suggestions category-actualites\">\n\t\t\t<div class=\"elementor-post__card\">\n\t\t\t\t<div class=\"elementor-post__text\">\n\t\t\t\t<h3 class=\"elementor-post__title\">\n\t\t\t<a href=\"https:\/\/mai2025.meosis.fr\/crazy-cook\/produits-fumes-charcuterie\/\" >\n\t\t\t\tFoie Gras &#8211; Produits Fum\u00e9s &#8211; Charcuteries et Jambons Premium\t\t\t<\/a>\n\t\t<\/h3>\n\t\t\t\t<div class=\"elementor-post__excerpt\">\n\t\t\t<p>Les Produits Made by Crazy Cook 2022\/2023 Foie Gras de Canard\u00a0 Mi- Cuit &#8211;\u00a0Tarif selon cours en D\u00e9cembre &#8211; Sous r\u00e9serve de disponibilit\u00e9 Foie Gras<\/p>\n\t\t<\/div>\n\t\t\n\t\t<a class=\"elementor-post__read-more\" href=\"https:\/\/mai2025.meosis.fr\/crazy-cook\/produits-fumes-charcuterie\/\" aria-label=\"En savoir plus sur Foie Gras &#8211; Produits Fum\u00e9s &#8211; Charcuteries et Jambons Premium\" tabindex=\"-1\" >\n\t\t\tLire plus \u00bb\t\t<\/a>\n\n\t\t\t\t<\/div>\n\t\t\t\t\t<\/div>\n\t\t<\/article>\n\t\t\t\t<article class=\"elementor-post elementor-grid-item post-421 post type-post status-publish format-standard has-post-thumbnail hentry category-page-suggestions category-actualites\">\n\t\t\t<div class=\"elementor-post__card\">\n\t\t\t\t<div class=\"elementor-post__text\">\n\t\t\t\t<h3 class=\"elementor-post__title\">\n\t\t\t<a href=\"https:\/\/mai2025.meosis.fr\/crazy-cook\/carte-cocktails-aperitifs\/\" >\n\t\t\t\tCarte Cocktails et Ap\u00e9ritifs\t\t\t<\/a>\n\t\t<\/h3>\n\t\t\t\t<div class=\"elementor-post__excerpt\">\n\t\t\t<p>Pour vos ap\u00e9ritifs\u00a0tout au long de l&rsquo;ann\u00e9e, faites appel \u00e0 Crazy Cook Catering ! Les Chefs vous proposent toute l&rsquo;ann\u00e9e, pour tout \u00e9v\u00e9nement festif (anniversaire,<\/p>\n\t\t<\/div>\n\t\t\n\t\t<a class=\"elementor-post__read-more\" href=\"https:\/\/mai2025.meosis.fr\/crazy-cook\/carte-cocktails-aperitifs\/\" aria-label=\"En savoir plus sur Carte Cocktails et Ap\u00e9ritifs\" tabindex=\"-1\" >\n\t\t\tLire plus \u00bb\t\t<\/a>\n\n\t\t\t\t<\/div>\n\t\t\t\t\t<\/div>\n\t\t<\/article>\n\t\t\t\t<article class=\"elementor-post elementor-grid-item post-390 post type-post status-publish format-standard has-post-thumbnail hentry category-page-suggestions category-actualites\">\n\t\t\t<div class=\"elementor-post__card\">\n\t\t\t\t<div class=\"elementor-post__text\">\n\t\t\t\t<h3 class=\"elementor-post__title\">\n\t\t\t<a href=\"https:\/\/mai2025.meosis.fr\/crazy-cook\/raclettes-et-fondues\/\" >\n\t\t\t\tRaclettes &#8211; Fondues Savoyardes &#8211; Tartiflettes &#8211; Munstiflettes &#8211; Soupes\t\t\t<\/a>\n\t\t<\/h3>\n\t\t\t\t<div class=\"elementor-post__excerpt\">\n\t\t\t<p>Envie d&rsquo;une soir\u00e9e Ambiance Montagne et Sport d&rsquo;Hiver&#8230; ? Les Chefs vous proposent, \u00a0comme chaque ann\u00e9e, entre le 1er septembre et le 30 avril, des<\/p>\n\t\t<\/div>\n\t\t\n\t\t<a class=\"elementor-post__read-more\" href=\"https:\/\/mai2025.meosis.fr\/crazy-cook\/raclettes-et-fondues\/\" aria-label=\"En savoir plus sur Raclettes &#8211; Fondues Savoyardes &#8211; Tartiflettes &#8211; Munstiflettes &#8211; Soupes\" tabindex=\"-1\" >\n\t\t\tLire plus \u00bb\t\t<\/a>\n\n\t\t\t\t<\/div>\n\t\t\t\t\t<\/div>\n\t\t<\/article>\n\t\t\t\t<\/div>\n\t\t\n\t\t\t\t\t\t<\/div>\n\t\t\t\t<\/div>\n\t\t\t\t\t<\/div>\n\t\t<\/div>\n\t\t\t\t\t<\/div>\n\t\t<\/section>\n\t\t\t\t<\/div>\n\t\t","protected":false},"excerpt":{"rendered":"","protected":false},"author":1,"featured_media":0,"parent":0,"menu_order":0,"comment_status":"closed","ping_status":"closed","template":"","meta":{"_acf_changed":false,"footnotes":""},"class_list":["post-1834","page","type-page","status-publish","hentry"],"acf":[],"yoast_head":"<!-- This site is optimized with the Yoast SEO plugin v25.3.1 - https:\/\/yoast.com\/wordpress\/plugins\/seo\/ -->\n<title>Suggestions - Crazy Cook Catering<\/title>\n<meta name=\"robots\" content=\"index, follow, max-snippet:-1, max-image-preview:large, max-video-preview:-1\" \/>\n<link rel=\"canonical\" href=\"https:\/\/mai2025.meosis.fr\/crazy-cook\/wpss_slide\/slide8\/\" \/>\n<meta property=\"og:locale\" content=\"fr_FR\" \/>\n<meta property=\"og:type\" content=\"article\" \/>\n<meta property=\"og:title\" content=\"Suggestions - Crazy Cook Catering\" \/>\n<meta property=\"og:url\" content=\"https:\/\/mai2025.meosis.fr\/crazy-cook\/wpss_slide\/slide8\/\" \/>\n<meta property=\"og:site_name\" content=\"Crazy Cook Catering\" \/>\n<meta property=\"article:modified_time\" content=\"2021-12-10T15:10:32+00:00\" \/>\n<meta name=\"twitter:card\" content=\"summary_large_image\" \/>\n<meta name=\"twitter:label1\" content=\"Dur\u00e9e de lecture estim\u00e9e\" \/>\n\t<meta name=\"twitter:data1\" content=\"1 minute\" \/>\n<script type=\"application\/ld+json\" class=\"yoast-schema-graph\">{\"@context\":\"https:\/\/schema.org\",\"@graph\":[{\"@type\":\"WebPage\",\"@id\":\"https:\/\/mai2025.meosis.fr\/crazy-cook\/wpss_slide\/slide8\/\",\"url\":\"https:\/\/mai2025.meosis.fr\/crazy-cook\/wpss_slide\/slide8\/\",\"name\":\"Suggestions - Crazy Cook Catering\",\"isPartOf\":{\"@id\":\"https:\/\/mai2025.meosis.fr\/crazy-cook\/wpss_slide\/slide8\/#website\"},\"datePublished\":\"2021-12-06T13:49:56+00:00\",\"dateModified\":\"2021-12-10T15:10:32+00:00\",\"breadcrumb\":{\"@id\":\"https:\/\/mai2025.meosis.fr\/crazy-cook\/wpss_slide\/slide8\/#breadcrumb\"},\"inLanguage\":\"fr-FR\",\"potentialAction\":[{\"@type\":\"ReadAction\",\"target\":[\"https:\/\/mai2025.meosis.fr\/crazy-cook\/wpss_slide\/slide8\/\"]}]},{\"@type\":\"BreadcrumbList\",\"@id\":\"https:\/\/mai2025.meosis.fr\/crazy-cook\/wpss_slide\/slide8\/#breadcrumb\",\"itemListElement\":[{\"@type\":\"ListItem\",\"position\":1,\"name\":\"Accueil\",\"item\":\"https:\/\/mai2025.meosis.fr\/crazy-cook\/\"},{\"@type\":\"ListItem\",\"position\":2,\"name\":\"Suggestions\"}]},{\"@type\":\"WebSite\",\"@id\":\"https:\/\/mai2025.meosis.fr\/crazy-cook\/wpss_slide\/slide8\/#website\",\"url\":\"https:\/\/mai2025.meosis.fr\/crazy-cook\/wpss_slide\/slide8\/\",\"name\":\"Crazy Cook Catering\",\"description\":\"Traiteur en Alsace\",\"potentialAction\":[{\"@type\":\"SearchAction\",\"target\":{\"@type\":\"EntryPoint\",\"urlTemplate\":\"https:\/\/mai2025.meosis.fr\/crazy-cook\/wpss_slide\/slide8\/?s={search_term_string}\"},\"query-input\":{\"@type\":\"PropertyValueSpecification\",\"valueRequired\":true,\"valueName\":\"search_term_string\"}}],\"inLanguage\":\"fr-FR\"}]}<\/script>\n<!-- \/ Yoast SEO plugin. -->","yoast_head_json":{"title":"Suggestions - Crazy Cook Catering","robots":{"index":"index","follow":"follow","max-snippet":"max-snippet:-1","max-image-preview":"max-image-preview:large","max-video-preview":"max-video-preview:-1"},"canonical":"https:\/\/mai2025.meosis.fr\/crazy-cook\/wpss_slide\/slide8\/","og_locale":"fr_FR","og_type":"article","og_title":"Suggestions - Crazy Cook Catering","og_url":"https:\/\/mai2025.meosis.fr\/crazy-cook\/wpss_slide\/slide8\/","og_site_name":"Crazy Cook Catering","article_modified_time":"2021-12-10T15:10:32+00:00","twitter_card":"summary_large_image","twitter_misc":{"Dur\u00e9e de lecture estim\u00e9e":"1 minute"},"schema":{"@context":"https:\/\/schema.org","@graph":[{"@type":"WebPage","@id":"https:\/\/mai2025.meosis.fr\/crazy-cook\/wpss_slide\/slide8\/","url":"https:\/\/mai2025.meosis.fr\/crazy-cook\/wpss_slide\/slide8\/","name":"Suggestions - Crazy Cook Catering","isPartOf":{"@id":"https:\/\/mai2025.meosis.fr\/crazy-cook\/wpss_slide\/slide8\/#website"},"datePublished":"2021-12-06T13:49:56+00:00","dateModified":"2021-12-10T15:10:32+00:00","breadcrumb":{"@id":"https:\/\/mai2025.meosis.fr\/crazy-cook\/wpss_slide\/slide8\/#breadcrumb"},"inLanguage":"fr-FR","potentialAction":[{"@type":"ReadAction","target":["https:\/\/mai2025.meosis.fr\/crazy-cook\/wpss_slide\/slide8\/"]}]},{"@type":"BreadcrumbList","@id":"https:\/\/mai2025.meosis.fr\/crazy-cook\/wpss_slide\/slide8\/#breadcrumb","itemListElement":[{"@type":"ListItem","position":1,"name":"Accueil","item":"https:\/\/mai2025.meosis.fr\/crazy-cook\/"},{"@type":"ListItem","position":2,"name":"Suggestions"}]},{"@type":"WebSite","@id":"https:\/\/mai2025.meosis.fr\/crazy-cook\/wpss_slide\/slide8\/#website","url":"https:\/\/mai2025.meosis.fr\/crazy-cook\/wpss_slide\/slide8\/","name":"Crazy Cook Catering","description":"Traiteur en Alsace","potentialAction":[{"@type":"SearchAction","target":{"@type":"EntryPoint","urlTemplate":"https:\/\/mai2025.meosis.fr\/crazy-cook\/wpss_slide\/slide8\/?s={search_term_string}"},"query-input":{"@type":"PropertyValueSpecification","valueRequired":true,"valueName":"search_term_string"}}],"inLanguage":"fr-FR"}]}},"_links":{"self":[{"href":"https:\/\/mai2025.meosis.fr\/crazy-cook\/wp-json\/wp\/v2\/pages\/1834","targetHints":{"allow":["GET"]}}],"collection":[{"href":"https:\/\/mai2025.meosis.fr\/crazy-cook\/wp-json\/wp\/v2\/pages"}],"about":[{"href":"https:\/\/mai2025.meosis.fr\/crazy-cook\/wp-json\/wp\/v2\/types\/page"}],"author":[{"embeddable":true,"href":"https:\/\/mai2025.meosis.fr\/crazy-cook\/wp-json\/wp\/v2\/users\/1"}],"replies":[{"embeddable":true,"href":"https:\/\/mai2025.meosis.fr\/crazy-cook\/wp-json\/wp\/v2\/comments?post=1834"}],"version-history":[{"count":0,"href":"https:\/\/mai2025.meosis.fr\/crazy-cook\/wp-json\/wp\/v2\/pages\/1834\/revisions"}],"wp:attachment":[{"href":"https:\/\/mai2025.meosis.fr\/crazy-cook\/wp-json\/wp\/v2\/media?parent=1834"}],"curies":[{"name":"wp","href":"https:\/\/api.w.org\/{rel}","templated":true}]}}