{"id":495,"date":"2015-04-20T10:01:56","date_gmt":"2015-04-20T09:01:56","guid":{"rendered":"https:\/\/www.mai2025.meosis.fr\/crazy-cook\/?page_id=495"},"modified":"2015-04-20T10:01:56","modified_gmt":"2015-04-20T09:01:56","slug":"sitemap","status":"publish","type":"page","link":"https:\/\/mai2025.meosis.fr\/crazy-cook\/sitemap.html","title":{"rendered":"Plan du site"},"content":{"rendered":"<div class=\"wsp-container\"><h2 class=\"wsp-pages-title\">Pages<\/h2>\n<ul class=\"wsp-pages-list\">\n<li class=\"page_item page-item-1801\"><a href=\"https:\/\/mai2025.meosis.fr\/crazy-cook\/carte-de-noel.html\">Carte de No\u00ebl<\/a><\/li>\n<li class=\"page_item page-item-697 page_item_has_children\"><a href=\"https:\/\/mai2025.meosis.fr\/crazy-cook\/concept.html\">Concept<\/a>\n<ul class='children'>\n\t<li class=\"page_item page-item-156\"><a href=\"https:\/\/mai2025.meosis.fr\/crazy-cook\/concept\/le-concept.html\">Le concept de votre traiteur en Alsace<\/a><\/li>\n\t<li class=\"page_item page-item-6\"><a href=\"https:\/\/mai2025.meosis.fr\/crazy-cook\/concept\/traiteur.html\">Les chefs<\/a><\/li>\n\t<li class=\"page_item page-item-64\"><a href=\"https:\/\/mai2025.meosis.fr\/crazy-cook\/concept\/traiteur-mariage.html\">Organisation r\u00e9ception par votre traiteur de mariage<\/a><\/li>\n<\/ul>\n<\/li>\n<li class=\"page_item page-item-1714\"><a href=\"https:\/\/mai2025.meosis.fr\/crazy-cook\/conditions-generales-de-vente.html\">Conditions G\u00e9n\u00e9rales de Vente<\/a><\/li>\n<li class=\"page_item page-item-8\"><a href=\"https:\/\/mai2025.meosis.fr\/crazy-cook\/contact.html\">Contactez un traiteur en Alsace<\/a><\/li>\n<li class=\"page_item page-item-2\"><a href=\"https:\/\/mai2025.meosis.fr\/crazy-cook\/\">Crazy Cook : votre Traiteur en Alsace !<\/a><\/li>\n<li class=\"page_item page-item-60\"><a href=\"https:\/\/mai2025.meosis.fr\/crazy-cook\/traiteur-bas-rhin.html\">Crazy Cook Catering, votre traiteur dans le Bas-Rhin<\/a><\/li>\n<li class=\"page_item page-item-7 page_item_has_children\"><a href=\"https:\/\/mai2025.meosis.fr\/crazy-cook\/prestations.html\">Prestations de votre traiteur en Alsace<\/a>\n<ul class='children'>\n\t<li class=\"page_item page-item-695\"><a href=\"https:\/\/mai2025.meosis.fr\/crazy-cook\/prestations\/bar-et-cocktails.html\">Bar et cocktails<\/a><\/li>\n\t<li class=\"page_item page-item-78\"><a href=\"https:\/\/mai2025.meosis.fr\/crazy-cook\/prestations\/buffet-froid-brunch.html\">Buffet Froid \/ Brunch<\/a><\/li>\n\t<li class=\"page_item page-item-79\"><a href=\"https:\/\/mai2025.meosis.fr\/crazy-cook\/prestations\/cocktails-dinatoire-vin-dhonneur-aperitif.html\">Cocktails D\u00eenatoire \/ Vin d&rsquo;Honneur \/ Ap\u00e9ritif<\/a><\/li>\n\t<li class=\"page_item page-item-80\"><a href=\"https:\/\/mai2025.meosis.fr\/crazy-cook\/prestations\/cuisine-au-feu-bois.html\">Cuisine au Feu de Bois<\/a><\/li>\n\t<li class=\"page_item page-item-82\"><a href=\"https:\/\/mai2025.meosis.fr\/crazy-cook\/prestations\/cuisine-traditionnelle-fusion.html\">Cuisine Classique et Cuisine Fusion<\/a><\/li>\n\t<li class=\"page_item page-item-83\"><a href=\"https:\/\/mai2025.meosis.fr\/crazy-cook\/prestations\/desserts-pieces-montees.html\">Desserts et Pi\u00e8ces Mont\u00e9es<\/a><\/li>\n\t<li class=\"page_item page-item-81\"><a href=\"https:\/\/mai2025.meosis.fr\/crazy-cook\/prestations\/produits-fumes.html\">Produits Fum\u00e9s<\/a><\/li>\n\t<li class=\"page_item page-item-531\"><a href=\"https:\/\/mai2025.meosis.fr\/crazy-cook\/prestations\/vaisselle-et-mobilier.html\">Vaisselle et Mobilier<\/a><\/li>\n<\/ul>\n<\/li>\n<li class=\"page_item page-item-9 page_item_has_children\"><a href=\"https:\/\/mai2025.meosis.fr\/crazy-cook\/references.html\">R\u00e9f\u00e9rences<\/a>\n<ul class='children'>\n\t<li class=\"page_item page-item-276\"><a href=\"https:\/\/mai2025.meosis.fr\/crazy-cook\/references\/entreprises-professionnels.html\">Entreprises &#8211; Professionnels<\/a><\/li>\n\t<li class=\"page_item page-item-278\"><a href=\"https:\/\/mai2025.meosis.fr\/crazy-cook\/references\/mariages-pacs.html\">Mariages &#8211; Pacs<\/a><\/li>\n\t<li class=\"page_item page-item-532\"><a href=\"https:\/\/mai2025.meosis.fr\/crazy-cook\/references\/particuliers.html\">Particuliers<\/a><\/li>\n<\/ul>\n<\/li>\n<li class=\"page_item page-item-1834\"><a href=\"https:\/\/mai2025.meosis.fr\/crazy-cook\/suggestions.html\">Suggestions<\/a><\/li>\n<li class=\"page_item page-item-56\"><a href=\"https:\/\/mai2025.meosis.fr\/crazy-cook\/traiteur-domicile.html\">Traiteur \u00e0 domicile dans le Bas-Rhin<\/a><\/li>\n<li class=\"page_item page-item-62\"><a href=\"https:\/\/mai2025.meosis.fr\/crazy-cook\/traiteur-bapteme.html\">Traiteur bapt\u00eame en Alsace<\/a><\/li>\n<li class=\"page_item page-item-58\"><a href=\"https:\/\/mai2025.meosis.fr\/crazy-cook\/traiteur-boucherie-charcuterie.html\">Traiteur Boucherie Charcuterie<\/a><\/li>\n<li class=\"page_item page-item-50\"><a href=\"https:\/\/mai2025.meosis.fr\/crazy-cook\/traiteur-haut-rhin-68.html\">Traiteur Haut-Rhin 68<\/a><\/li>\n<li class=\"page_item page-item-54\"><a href=\"https:\/\/mai2025.meosis.fr\/crazy-cook\/traiteur-moselle-57-thionville.html\">Traiteur Moselle 57 et Thionville<\/a><\/li>\n<li class=\"page_item page-item-66\"><a href=\"https:\/\/mai2025.meosis.fr\/crazy-cook\/traiteur-selestat-schiltigheim.html\">Traiteur S\u00e9lestat et Schiltigheim<\/a><\/li>\n<li class=\"page_item page-item-52\"><a href=\"https:\/\/mai2025.meosis.fr\/crazy-cook\/traiteur-strasbourg.html\">Traiteur Strasbourg<\/a><\/li>\n<li class=\"page_item page-item-10\"><a href=\"https:\/\/mai2025.meosis.fr\/crazy-cook\/temoignages.html\">Votre avis sur votre traiteur dans le Bas-Rhin<\/a><\/li>\n<li class=\"page_item page-item-431\"><a href=\"https:\/\/mai2025.meosis.fr\/crazy-cook\/merci.html\">Votre demande a bien \u00e9t\u00e9 envoy\u00e9e<\/a><\/li>\n<\/ul>\n<h2 class=\"wsp-posts-title\">Articles par cat\u00e9gorie<\/h2>\n<ul class=\"wsp-posts-list\">\n\t<li><strong class=\"wsp-category-title\">Cat\u00e9gorie\u00a0: <a href=\"https:\/\/mai2025.meosis.fr\/crazy-cook\/category\/page-suggestions\/\">Page Suggestions<\/a><\/strong>\n<ul class=\"wsp-posts-list\">\t\t<li class=\"wsp-post\"><a href=\"https:\/\/mai2025.meosis.fr\/crazy-cook\/carte-noel-nouvel-an-2024\/\" title=\"CARTE NOEL NOUVEL AN 2024\">CARTE NOEL NOUVEL AN 2024<\/a><\/li>\n\t\t<li class=\"wsp-post\"><a href=\"https:\/\/mai2025.meosis.fr\/crazy-cook\/carte-menus-paques-2024\/\" title=\"CARTE MENUS PAQUES 2024\">CARTE MENUS PAQUES 2024<\/a><\/li>\n\t\t<li class=\"wsp-post\"><a href=\"https:\/\/mai2025.meosis.fr\/crazy-cook\/carte-noel-nouvel-an-2023\/\" title=\"CARTE NOEL\/NOUVEL AN 2023\">CARTE NOEL\/NOUVEL AN 2023<\/a><\/li>\n\t\t<li class=\"wsp-post\"><a href=\"https:\/\/mai2025.meosis.fr\/crazy-cook\/produits-fumes-charcuterie\/\" title=\"Foie Gras &#8211; Produits Fum\u00e9s &#8211; Charcuteries et Jambons Premium\">Foie Gras &#8211; Produits Fum\u00e9s &#8211; Charcuteries et Jambons Premium<\/a><\/li>\n\t\t<li class=\"wsp-post\"><a href=\"https:\/\/mai2025.meosis.fr\/crazy-cook\/carte-cocktails-aperitifs\/\" title=\"Carte Cocktails et Ap\u00e9ritifs\">Carte Cocktails et Ap\u00e9ritifs<\/a><\/li>\n\t\t<li class=\"wsp-post\"><a href=\"https:\/\/mai2025.meosis.fr\/crazy-cook\/raclettes-et-fondues\/\" title=\"Raclettes &#8211; Fondues Savoyardes &#8211; Tartiflettes &#8211; Munstiflettes &#8211; Soupes\">Raclettes &#8211; Fondues Savoyardes &#8211; Tartiflettes &#8211; Munstiflettes &#8211; Soupes<\/a><\/li>\n<\/ul><\/li>\n\t<li><strong class=\"wsp-category-title\">Cat\u00e9gorie\u00a0: <a href=\"https:\/\/mai2025.meosis.fr\/crazy-cook\/category\/actualites\/\">Suggestions du moment<\/a><\/strong>\n<ul class=\"wsp-posts-list\">\t\t<li class=\"wsp-post\"><a href=\"https:\/\/mai2025.meosis.fr\/crazy-cook\/fqc-food-truck-services-by-crazy-cook\/\" title=\"FQC &#8211; FOOD TRUCK SERVICES by Crazy Cook\">FQC &#8211; FOOD TRUCK SERVICES by Crazy Cook<\/a><\/li>\n\t\t<li class=\"wsp-post\"><a href=\"https:\/\/mai2025.meosis.fr\/crazy-cook\/portes-ouvertes\/\" title=\"PORTES OUVERTES 2022\">PORTES OUVERTES 2022<\/a><\/li>\n\t\t<li class=\"wsp-post\"><a href=\"https:\/\/mai2025.meosis.fr\/crazy-cook\/sanglier-a-la-broche\/\" title=\"SANGLIER A LA BROCHE 9 MAI 2021\">SANGLIER A LA BROCHE 9 MAI 2021<\/a><\/li>\n\t\t<li class=\"wsp-post\"><a href=\"https:\/\/mai2025.meosis.fr\/crazy-cook\/porcelet-a-la-broche\/\" title=\"PORCELET A LA BROCHE 20 juin 2021\">PORCELET A LA BROCHE 20 juin 2021<\/a><\/li>\n<\/ul><\/li>\n<\/ul>\n<h2 class=\"wsp-elementor_librarys-title\">Mes mod\u00e8les<\/h2>\n<ul class=\"wsp-elementor_librarys-list\">\n<li><a href=\"https:\/\/mai2025.meosis.fr\/crazy-cook\/?elementor_library=home-page-en\">home page en<\/a><\/li>\n<li><a href=\"https:\/\/mai2025.meosis.fr\/crazy-cook\/?elementor_library=home-page-all\">home page all<\/a><\/li>\n<li><a href=\"https:\/\/mai2025.meosis.fr\/crazy-cook\/?elementor_library=home-page\">home page<\/a><\/li>\n<li><a href=\"https:\/\/mai2025.meosis.fr\/crazy-cook\/?elementor_library=archive\">Archive<\/a><\/li>\n<li><a href=\"https:\/\/mai2025.meosis.fr\/crazy-cook\/?elementor_library=article\">Article<\/a><\/li>\n<li><a href=\"https:\/\/mai2025.meosis.fr\/crazy-cook\/?elementor_library=page\">Page<\/a><\/li>\n<li><a href=\"https:\/\/mai2025.meosis.fr\/crazy-cook\/?elementor_library=footer\">Footer<\/a><\/li>\n<li><a href=\"https:\/\/mai2025.meosis.fr\/crazy-cook\/?elementor_library=bouton-meosis\">bouton meosis<\/a><\/li>\n<li><a href=\"https:\/\/mai2025.meosis.fr\/crazy-cook\/?elementor_library=header-pages-interne\">Header Pages Interne<\/a><\/li>\n<li><a href=\"https:\/\/mai2025.meosis.fr\/crazy-cook\/?elementor_library=header\">Header<\/a><\/li>\n<li><a href=\"https:\/\/mai2025.meosis.fr\/crazy-cook\/?elementor_library=kit-par-defaut\">Kit par d\u00e9faut<\/a><\/li>\n<\/ul>\n<\/div>\n","protected":false},"excerpt":{"rendered":"","protected":false},"author":1,"featured_media":0,"parent":0,"menu_order":0,"comment_status":"open","ping_status":"open","template":"","meta":{"_acf_changed":false,"footnotes":""},"class_list":["post-495","page","type-page","status-publish","hentry"],"acf":[],"yoast_head":"<!-- This site is optimized with the Yoast SEO plugin v25.3.1 - https:\/\/yoast.com\/wordpress\/plugins\/seo\/ -->\n<title>Plan du site - Crazy Cook Catering<\/title>\n<meta name=\"robots\" content=\"noindex, nofollow\" \/>\n<meta property=\"og:locale\" content=\"fr_FR\" \/>\n<meta property=\"og:type\" content=\"article\" \/>\n<meta property=\"og:title\" content=\"Plan du site - Crazy Cook Catering\" \/>\n<meta property=\"og:url\" content=\"https:\/\/mai2025.meosis.fr\/crazy-cook\/sitemap.html\" \/>\n<meta property=\"og:site_name\" content=\"Crazy Cook Catering\" \/>\n<meta name=\"twitter:card\" content=\"summary_large_image\" \/>\n<script type=\"application\/ld+json\" class=\"yoast-schema-graph\">{\"@context\":\"https:\/\/schema.org\",\"@graph\":[{\"@type\":\"WebPage\",\"@id\":\"https:\/\/mai2025.meosis.fr\/crazy-cook\/sitemap.html\",\"url\":\"https:\/\/mai2025.meosis.fr\/crazy-cook\/sitemap.html\",\"name\":\"Plan du site - Crazy Cook Catering\",\"isPartOf\":{\"@id\":\"https:\/\/mai2025.meosis.fr\/crazy-cook\/wpss_slide\/slide8\/#website\"},\"datePublished\":\"2015-04-20T09:01:56+00:00\",\"breadcrumb\":{\"@id\":\"https:\/\/mai2025.meosis.fr\/crazy-cook\/sitemap.html#breadcrumb\"},\"inLanguage\":\"fr-FR\",\"potentialAction\":[{\"@type\":\"ReadAction\",\"target\":[\"https:\/\/mai2025.meosis.fr\/crazy-cook\/sitemap.html\"]}]},{\"@type\":\"BreadcrumbList\",\"@id\":\"https:\/\/mai2025.meosis.fr\/crazy-cook\/sitemap.html#breadcrumb\",\"itemListElement\":[{\"@type\":\"ListItem\",\"position\":1,\"name\":\"Accueil\",\"item\":\"https:\/\/mai2025.meosis.fr\/crazy-cook\/\"},{\"@type\":\"ListItem\",\"position\":2,\"name\":\"Plan du site\"}]},{\"@type\":\"WebSite\",\"@id\":\"https:\/\/mai2025.meosis.fr\/crazy-cook\/wpss_slide\/slide8\/#website\",\"url\":\"https:\/\/mai2025.meosis.fr\/crazy-cook\/wpss_slide\/slide8\/\",\"name\":\"Crazy Cook Catering\",\"description\":\"Traiteur en Alsace\",\"potentialAction\":[{\"@type\":\"SearchAction\",\"target\":{\"@type\":\"EntryPoint\",\"urlTemplate\":\"https:\/\/mai2025.meosis.fr\/crazy-cook\/wpss_slide\/slide8\/?s={search_term_string}\"},\"query-input\":{\"@type\":\"PropertyValueSpecification\",\"valueRequired\":true,\"valueName\":\"search_term_string\"}}],\"inLanguage\":\"fr-FR\"}]}<\/script>\n<!-- \/ Yoast SEO plugin. -->","yoast_head_json":{"title":"Plan du site - Crazy Cook Catering","robots":{"index":"noindex","follow":"nofollow"},"og_locale":"fr_FR","og_type":"article","og_title":"Plan du site - Crazy Cook Catering","og_url":"https:\/\/mai2025.meosis.fr\/crazy-cook\/sitemap.html","og_site_name":"Crazy Cook Catering","twitter_card":"summary_large_image","schema":{"@context":"https:\/\/schema.org","@graph":[{"@type":"WebPage","@id":"https:\/\/mai2025.meosis.fr\/crazy-cook\/sitemap.html","url":"https:\/\/mai2025.meosis.fr\/crazy-cook\/sitemap.html","name":"Plan du site - Crazy Cook Catering","isPartOf":{"@id":"https:\/\/mai2025.meosis.fr\/crazy-cook\/wpss_slide\/slide8\/#website"},"datePublished":"2015-04-20T09:01:56+00:00","breadcrumb":{"@id":"https:\/\/mai2025.meosis.fr\/crazy-cook\/sitemap.html#breadcrumb"},"inLanguage":"fr-FR","potentialAction":[{"@type":"ReadAction","target":["https:\/\/mai2025.meosis.fr\/crazy-cook\/sitemap.html"]}]},{"@type":"BreadcrumbList","@id":"https:\/\/mai2025.meosis.fr\/crazy-cook\/sitemap.html#breadcrumb","itemListElement":[{"@type":"ListItem","position":1,"name":"Accueil","item":"https:\/\/mai2025.meosis.fr\/crazy-cook\/"},{"@type":"ListItem","position":2,"name":"Plan du site"}]},{"@type":"WebSite","@id":"https:\/\/mai2025.meosis.fr\/crazy-cook\/wpss_slide\/slide8\/#website","url":"https:\/\/mai2025.meosis.fr\/crazy-cook\/wpss_slide\/slide8\/","name":"Crazy Cook Catering","description":"Traiteur en Alsace","potentialAction":[{"@type":"SearchAction","target":{"@type":"EntryPoint","urlTemplate":"https:\/\/mai2025.meosis.fr\/crazy-cook\/wpss_slide\/slide8\/?s={search_term_string}"},"query-input":{"@type":"PropertyValueSpecification","valueRequired":true,"valueName":"search_term_string"}}],"inLanguage":"fr-FR"}]}},"_links":{"self":[{"href":"https:\/\/mai2025.meosis.fr\/crazy-cook\/wp-json\/wp\/v2\/pages\/495","targetHints":{"allow":["GET"]}}],"collection":[{"href":"https:\/\/mai2025.meosis.fr\/crazy-cook\/wp-json\/wp\/v2\/pages"}],"about":[{"href":"https:\/\/mai2025.meosis.fr\/crazy-cook\/wp-json\/wp\/v2\/types\/page"}],"author":[{"embeddable":true,"href":"https:\/\/mai2025.meosis.fr\/crazy-cook\/wp-json\/wp\/v2\/users\/1"}],"replies":[{"embeddable":true,"href":"https:\/\/mai2025.meosis.fr\/crazy-cook\/wp-json\/wp\/v2\/comments?post=495"}],"version-history":[{"count":0,"href":"https:\/\/mai2025.meosis.fr\/crazy-cook\/wp-json\/wp\/v2\/pages\/495\/revisions"}],"wp:attachment":[{"href":"https:\/\/mai2025.meosis.fr\/crazy-cook\/wp-json\/wp\/v2\/media?parent=495"}],"curies":[{"name":"wp","href":"https:\/\/api.w.org\/{rel}","templated":true}]}}