{"id":78,"date":"2013-10-18T10:43:18","date_gmt":"2013-10-18T09:43:18","guid":{"rendered":"https:\/\/www.mai2025.meosis.fr\/crazy-cook\/?page_id=78"},"modified":"2021-11-24T13:46:43","modified_gmt":"2021-11-24T12:46:43","slug":"buffet-froid-brunch","status":"publish","type":"page","link":"https:\/\/mai2025.meosis.fr\/crazy-cook\/prestations\/buffet-froid-brunch.html","title":{"rendered":"Buffet Froid \/ Brunch"},"content":{"rendered":"<ul>\n<li>Le buffet classique ou \u00e0 la carte,<\/li>\n<li>Un brunch convivial ou plus chic,<\/li>\n<li>Du plus simple au plus raffin\u00e9,<\/li>\n<li>Cuisine classique ou fusion,<\/li>\n<li>Ambiance champ\u00eatre ou plus \u00e9labor\u00e9e,<\/li>\n<li>Viandes, Poissons, Coquillages, Crustac\u00e9s,<\/li>\n<li>Fromages classiques ou plus insolites, affin\u00e9s \u00e0 souhait,<\/li>\n<li>Charcuteries fines, produits fum\u00e9s,<\/li>\n<li>Foie gras po\u00eal\u00e9, mi cuit, fum\u00e9, poch\u00e9.<\/li>\n<\/ul>\n","protected":false},"excerpt":{"rendered":"<p>Le buffet classique ou \u00e0 la carte, Un brunch convivial ou plus chic, Du plus simple au plus raffin\u00e9, Cuisine classique ou fusion, Ambiance champ\u00eatre ou plus \u00e9labor\u00e9e, Viandes, Poissons, Coquillages, Crustac\u00e9s, Fromages classiques ou plus insolites, affin\u00e9s \u00e0 souhait, Charcuteries fines, produits fum\u00e9s, Foie gras po\u00eal\u00e9, mi cuit, fum\u00e9, poch\u00e9.<\/p>\n","protected":false},"author":1,"featured_media":880,"parent":7,"menu_order":0,"comment_status":"closed","ping_status":"closed","template":"","meta":{"_acf_changed":false,"footnotes":""},"class_list":["post-78","page","type-page","status-publish","has-post-thumbnail","hentry"],"acf":[],"yoast_head":"<!-- This site is optimized with the Yoast SEO plugin v25.3.1 - https:\/\/yoast.com\/wordpress\/plugins\/seo\/ -->\n<title>Buffet Froid \/ Brunch - Crazy Cook Catering<\/title>\n<meta name=\"robots\" content=\"index, follow, max-snippet:-1, max-image-preview:large, max-video-preview:-1\" \/>\n<link rel=\"canonical\" href=\"https:\/\/mai2025.meosis.fr\/crazy-cook\/prestations\/buffet-froid-brunch.html\" \/>\n<meta property=\"og:locale\" content=\"fr_FR\" \/>\n<meta property=\"og:type\" content=\"article\" \/>\n<meta property=\"og:title\" content=\"Buffet Froid \/ Brunch - Crazy Cook Catering\" \/>\n<meta property=\"og:description\" content=\"Le buffet classique ou \u00e0 la carte, Un brunch convivial ou plus chic, Du plus simple au plus raffin\u00e9, Cuisine classique ou fusion, Ambiance champ\u00eatre ou plus \u00e9labor\u00e9e, Viandes, Poissons, Coquillages, Crustac\u00e9s, Fromages classiques ou plus insolites, affin\u00e9s \u00e0 souhait, Charcuteries fines, produits fum\u00e9s, Foie gras po\u00eal\u00e9, mi cuit, fum\u00e9, poch\u00e9.\" \/>\n<meta property=\"og:url\" content=\"https:\/\/mai2025.meosis.fr\/crazy-cook\/prestations\/buffet-froid-brunch.html\" \/>\n<meta property=\"og:site_name\" content=\"Crazy Cook Catering\" \/>\n<meta property=\"article:modified_time\" content=\"2021-11-24T12:46:43+00:00\" \/>\n<meta property=\"og:image\" content=\"https:\/\/mai2025.meosis.fr\/crazy-cook\/wp-content\/uploads\/sites\/10\/2017\/10\/DSC_0431-e1508935493153.jpg\" \/>\n\t<meta property=\"og:image:width\" content=\"1039\" \/>\n\t<meta property=\"og:image:height\" content=\"631\" \/>\n\t<meta property=\"og:image:type\" content=\"image\/jpeg\" \/>\n<meta name=\"twitter:card\" content=\"summary_large_image\" \/>\n<meta name=\"twitter:label1\" content=\"Dur\u00e9e de lecture estim\u00e9e\" \/>\n\t<meta name=\"twitter:data1\" content=\"1 minute\" \/>\n<script type=\"application\/ld+json\" class=\"yoast-schema-graph\">{\"@context\":\"https:\/\/schema.org\",\"@graph\":[{\"@type\":\"WebPage\",\"@id\":\"https:\/\/mai2025.meosis.fr\/crazy-cook\/prestations\/buffet-froid-brunch.html\",\"url\":\"https:\/\/mai2025.meosis.fr\/crazy-cook\/prestations\/buffet-froid-brunch.html\",\"name\":\"Buffet Froid \/ Brunch - Crazy Cook Catering\",\"isPartOf\":{\"@id\":\"https:\/\/mai2025.meosis.fr\/crazy-cook\/wpss_slide\/slide8\/#website\"},\"primaryImageOfPage\":{\"@id\":\"https:\/\/mai2025.meosis.fr\/crazy-cook\/prestations\/buffet-froid-brunch.html#primaryimage\"},\"image\":{\"@id\":\"https:\/\/mai2025.meosis.fr\/crazy-cook\/prestations\/buffet-froid-brunch.html#primaryimage\"},\"thumbnailUrl\":\"https:\/\/mai2025.meosis.fr\/crazy-cook\/wp-content\/uploads\/sites\/10\/2017\/10\/DSC_0431-e1508935493153.jpg\",\"datePublished\":\"2013-10-18T09:43:18+00:00\",\"dateModified\":\"2021-11-24T12:46:43+00:00\",\"breadcrumb\":{\"@id\":\"https:\/\/mai2025.meosis.fr\/crazy-cook\/prestations\/buffet-froid-brunch.html#breadcrumb\"},\"inLanguage\":\"fr-FR\",\"potentialAction\":[{\"@type\":\"ReadAction\",\"target\":[\"https:\/\/mai2025.meosis.fr\/crazy-cook\/prestations\/buffet-froid-brunch.html\"]}]},{\"@type\":\"ImageObject\",\"inLanguage\":\"fr-FR\",\"@id\":\"https:\/\/mai2025.meosis.fr\/crazy-cook\/prestations\/buffet-froid-brunch.html#primaryimage\",\"url\":\"https:\/\/mai2025.meosis.fr\/crazy-cook\/wp-content\/uploads\/sites\/10\/2017\/10\/DSC_0431-e1508935493153.jpg\",\"contentUrl\":\"https:\/\/mai2025.meosis.fr\/crazy-cook\/wp-content\/uploads\/sites\/10\/2017\/10\/DSC_0431-e1508935493153.jpg\",\"width\":1039,\"height\":631,\"caption\":\"Sushis Tradition\"},{\"@type\":\"BreadcrumbList\",\"@id\":\"https:\/\/mai2025.meosis.fr\/crazy-cook\/prestations\/buffet-froid-brunch.html#breadcrumb\",\"itemListElement\":[{\"@type\":\"ListItem\",\"position\":1,\"name\":\"Accueil\",\"item\":\"https:\/\/mai2025.meosis.fr\/crazy-cook\/\"},{\"@type\":\"ListItem\",\"position\":2,\"name\":\"Prestations de votre traiteur en Alsace\",\"item\":\"https:\/\/mai2025.meosis.fr\/crazy-cook\/prestations.html\"},{\"@type\":\"ListItem\",\"position\":3,\"name\":\"Buffet Froid \/ Brunch\"}]},{\"@type\":\"WebSite\",\"@id\":\"https:\/\/mai2025.meosis.fr\/crazy-cook\/wpss_slide\/slide8\/#website\",\"url\":\"https:\/\/mai2025.meosis.fr\/crazy-cook\/wpss_slide\/slide8\/\",\"name\":\"Crazy Cook Catering\",\"description\":\"Traiteur en Alsace\",\"potentialAction\":[{\"@type\":\"SearchAction\",\"target\":{\"@type\":\"EntryPoint\",\"urlTemplate\":\"https:\/\/mai2025.meosis.fr\/crazy-cook\/wpss_slide\/slide8\/?s={search_term_string}\"},\"query-input\":{\"@type\":\"PropertyValueSpecification\",\"valueRequired\":true,\"valueName\":\"search_term_string\"}}],\"inLanguage\":\"fr-FR\"}]}<\/script>\n<!-- \/ Yoast SEO plugin. -->","yoast_head_json":{"title":"Buffet Froid \/ Brunch - Crazy Cook Catering","robots":{"index":"index","follow":"follow","max-snippet":"max-snippet:-1","max-image-preview":"max-image-preview:large","max-video-preview":"max-video-preview:-1"},"canonical":"https:\/\/mai2025.meosis.fr\/crazy-cook\/prestations\/buffet-froid-brunch.html","og_locale":"fr_FR","og_type":"article","og_title":"Buffet Froid \/ Brunch - Crazy Cook Catering","og_description":"Le buffet classique ou \u00e0 la carte, Un brunch convivial ou plus chic, Du plus simple au plus raffin\u00e9, Cuisine classique ou fusion, Ambiance champ\u00eatre ou plus \u00e9labor\u00e9e, Viandes, Poissons, Coquillages, Crustac\u00e9s, Fromages classiques ou plus insolites, affin\u00e9s \u00e0 souhait, Charcuteries fines, produits fum\u00e9s, Foie gras po\u00eal\u00e9, mi cuit, fum\u00e9, poch\u00e9.","og_url":"https:\/\/mai2025.meosis.fr\/crazy-cook\/prestations\/buffet-froid-brunch.html","og_site_name":"Crazy Cook Catering","article_modified_time":"2021-11-24T12:46:43+00:00","og_image":[{"width":1039,"height":631,"url":"https:\/\/mai2025.meosis.fr\/crazy-cook\/wp-content\/uploads\/sites\/10\/2017\/10\/DSC_0431-e1508935493153.jpg","type":"image\/jpeg"}],"twitter_card":"summary_large_image","twitter_misc":{"Dur\u00e9e de lecture estim\u00e9e":"1 minute"},"schema":{"@context":"https:\/\/schema.org","@graph":[{"@type":"WebPage","@id":"https:\/\/mai2025.meosis.fr\/crazy-cook\/prestations\/buffet-froid-brunch.html","url":"https:\/\/mai2025.meosis.fr\/crazy-cook\/prestations\/buffet-froid-brunch.html","name":"Buffet Froid \/ Brunch - Crazy Cook Catering","isPartOf":{"@id":"https:\/\/mai2025.meosis.fr\/crazy-cook\/wpss_slide\/slide8\/#website"},"primaryImageOfPage":{"@id":"https:\/\/mai2025.meosis.fr\/crazy-cook\/prestations\/buffet-froid-brunch.html#primaryimage"},"image":{"@id":"https:\/\/mai2025.meosis.fr\/crazy-cook\/prestations\/buffet-froid-brunch.html#primaryimage"},"thumbnailUrl":"https:\/\/mai2025.meosis.fr\/crazy-cook\/wp-content\/uploads\/sites\/10\/2017\/10\/DSC_0431-e1508935493153.jpg","datePublished":"2013-10-18T09:43:18+00:00","dateModified":"2021-11-24T12:46:43+00:00","breadcrumb":{"@id":"https:\/\/mai2025.meosis.fr\/crazy-cook\/prestations\/buffet-froid-brunch.html#breadcrumb"},"inLanguage":"fr-FR","potentialAction":[{"@type":"ReadAction","target":["https:\/\/mai2025.meosis.fr\/crazy-cook\/prestations\/buffet-froid-brunch.html"]}]},{"@type":"ImageObject","inLanguage":"fr-FR","@id":"https:\/\/mai2025.meosis.fr\/crazy-cook\/prestations\/buffet-froid-brunch.html#primaryimage","url":"https:\/\/mai2025.meosis.fr\/crazy-cook\/wp-content\/uploads\/sites\/10\/2017\/10\/DSC_0431-e1508935493153.jpg","contentUrl":"https:\/\/mai2025.meosis.fr\/crazy-cook\/wp-content\/uploads\/sites\/10\/2017\/10\/DSC_0431-e1508935493153.jpg","width":1039,"height":631,"caption":"Sushis Tradition"},{"@type":"BreadcrumbList","@id":"https:\/\/mai2025.meosis.fr\/crazy-cook\/prestations\/buffet-froid-brunch.html#breadcrumb","itemListElement":[{"@type":"ListItem","position":1,"name":"Accueil","item":"https:\/\/mai2025.meosis.fr\/crazy-cook\/"},{"@type":"ListItem","position":2,"name":"Prestations de votre traiteur en Alsace","item":"https:\/\/mai2025.meosis.fr\/crazy-cook\/prestations.html"},{"@type":"ListItem","position":3,"name":"Buffet Froid \/ Brunch"}]},{"@type":"WebSite","@id":"https:\/\/mai2025.meosis.fr\/crazy-cook\/wpss_slide\/slide8\/#website","url":"https:\/\/mai2025.meosis.fr\/crazy-cook\/wpss_slide\/slide8\/","name":"Crazy Cook Catering","description":"Traiteur en Alsace","potentialAction":[{"@type":"SearchAction","target":{"@type":"EntryPoint","urlTemplate":"https:\/\/mai2025.meosis.fr\/crazy-cook\/wpss_slide\/slide8\/?s={search_term_string}"},"query-input":{"@type":"PropertyValueSpecification","valueRequired":true,"valueName":"search_term_string"}}],"inLanguage":"fr-FR"}]}},"_links":{"self":[{"href":"https:\/\/mai2025.meosis.fr\/crazy-cook\/wp-json\/wp\/v2\/pages\/78","targetHints":{"allow":["GET"]}}],"collection":[{"href":"https:\/\/mai2025.meosis.fr\/crazy-cook\/wp-json\/wp\/v2\/pages"}],"about":[{"href":"https:\/\/mai2025.meosis.fr\/crazy-cook\/wp-json\/wp\/v2\/types\/page"}],"author":[{"embeddable":true,"href":"https:\/\/mai2025.meosis.fr\/crazy-cook\/wp-json\/wp\/v2\/users\/1"}],"replies":[{"embeddable":true,"href":"https:\/\/mai2025.meosis.fr\/crazy-cook\/wp-json\/wp\/v2\/comments?post=78"}],"version-history":[{"count":0,"href":"https:\/\/mai2025.meosis.fr\/crazy-cook\/wp-json\/wp\/v2\/pages\/78\/revisions"}],"up":[{"embeddable":true,"href":"https:\/\/mai2025.meosis.fr\/crazy-cook\/wp-json\/wp\/v2\/pages\/7"}],"wp:featuredmedia":[{"embeddable":true,"href":"https:\/\/mai2025.meosis.fr\/crazy-cook\/wp-json\/wp\/v2\/media\/880"}],"wp:attachment":[{"href":"https:\/\/mai2025.meosis.fr\/crazy-cook\/wp-json\/wp\/v2\/media?parent=78"}],"curies":[{"name":"wp","href":"https:\/\/api.w.org\/{rel}","templated":true}]}}